{"id":12145,"date":"2022-08-06T19:43:53","date_gmt":"2022-08-06T23:43:53","guid":{"rendered":"https:\/\/napoli-law.local\/?page_id=12145"},"modified":"2025-05-21T15:47:35","modified_gmt":"2025-05-21T19:47:35","slug":"hukumler-uzlasmalar","status":"publish","type":"page","link":"https:\/\/napolilaw.lemonadestand.org\/tr\/farkimiz-2\/hukumler-uzlasmalar\/","title":{"rendered":"Kararlar ve Uzla\u015fmalar"},"content":{"rendered":"<section class=\"section dark\" id=\"section_992232953\">\n\t\t<div class=\"section-bg fill\" >\n\t\t\t<img loading=\"lazy\" decoding=\"async\" width=\"2560\" height=\"1440\" src=\"https:\/\/napolilaw.lemonadestand.org\/wp-content\/uploads\/2025\/02\/Verdicts-and-settlements-3-scaled.jpg\" class=\"bg attachment-original size-original\" alt=\"\" \/>\t\t\t\t\t\t<div class=\"section-bg-overlay absolute fill\"><\/div>\n\t\t\t\n\n\t\t<\/div>\n\n\t\t\n\n\t\t<div class=\"section-content relative\">\n\t\t\t\n\n<div class=\"row align-center\"  id=\"row-534478270\">\n\n\n\t<div id=\"col-1843375806\" class=\"col medium-7 small-12 large-7\"  >\n\t\t\t\t<div class=\"col-inner text-center\"  >\n\t\t\t\n\t\t\t\n\n\t<div id=\"text-3267213889\" class=\"text\">\n\t\t\n\n<h1 class=\"uppercase no-margin\"><em>Kararlar ve Uzla\u015fmalar<\/em><\/h1>\n\t\t\n<style>\n#text-3267213889 {\n  font-size: 2.05rem;\n}\n<\/style>\n\t<\/div>\n\t\n<p>Napoli Shkolnik the best compensation for all our clients, from individuals to a significant range of public &amp; private entities as well as governments.<\/p>\n\n\t\t<\/div>\n\t\t\t\t\t<\/div>\n\n\t\n\n<\/div>\n\n\t\t<\/div>\n\n\t\t\n<style>\n#section_992232953 {\n  padding-top: 90px;\n  padding-bottom: 90px;\n  background-color: rgb(0, 42, 92);\n}\n#section_992232953 .section-bg-overlay {\n  background-color: rgba(0, 42, 92, 0.68);\n}\n#section_992232953 .section-bg img {\n  object-position: 0% 56%;\n}\n<\/style>\n\t<\/section>\n\t\n\n\t<section class=\"section\" id=\"section_288667119\">\n\t\t<div class=\"section-bg fill\" >\n\t\t\t<img loading=\"lazy\" decoding=\"async\" width=\"1920\" height=\"1815\" src=\"https:\/\/napolilaw.lemonadestand.org\/wp-content\/uploads\/2022\/02\/rounded-columns-bg.jpg\" class=\"bg attachment- size-\" alt=\"\" \/>\t\t\t\t\t\t<div class=\"section-bg-overlay absolute fill\"><\/div>\n\t\t\t\n\n\t\t<\/div>\n\n\t\t\n\n\t\t<div class=\"section-content relative\">\n\t\t\t\n\n<div class=\"row align-center\"  id=\"row-908252279\">\n\n\n\t<div id=\"col-835602480\" class=\"col small-12 large-12\"  >\n\t\t\t\t<div class=\"col-inner\"  >\n\t\t\t\n\t\t\t\n\n<h2 class=\"uppercase\" style=\"text-align: center;\"><strong>Yaralar\u0131m\u0131n de\u011feri nedir?<\/strong><\/h2>\n<h6 style=\"text-align: center;\"><strong>Sonu\u00e7lar, size \u00f6zel ger\u00e7eklere ve yasal ko\u015fullara ba\u011fl\u0131 olarak de\u011fi\u015fiklik g\u00f6sterebilir.<\/strong><\/h6>\n\n\t\t<\/div>\n\t\t\t\t\t<\/div>\n\n\t\n\n\t<div id=\"col-1106544596\" class=\"col medium-10 small-12 large-12\"  >\n\t\t\t\t<div class=\"col-inner\"  >\n\t\t\t\n\t\t\t\n\n\t<div id=\"text-56467253\" class=\"text\">\n\t\t\n\n<p>Ciddi \u015fekilde yaralanan m\u00fc\u015fterilerimizin \u00e7o\u011funun sordu\u011fu bir soru, &quot;Yaralar\u0131m i\u00e7in ne kadar alaca\u011f\u0131m?&quot; Bu elbette d\u00fcr\u00fcst ve \u00f6nemli bir soru, ancak iki durum tamamen ayn\u0131 olmad\u0131\u011f\u0131ndan, basit bir matematiksel form\u00fcle uygun bir soru de\u011fil. Ger\u00e7ek \u015fu ki, bir davan\u0131n sonucunu bir\u00e7ok fakt\u00f6r etkiler ve bu de\u011fi\u015fkenler konusunda m\u00fcvekkillerimize kar\u015f\u0131 d\u00fcr\u00fcst olman\u0131n en iyisi oldu\u011funa inan\u0131yoruz.<\/p>\n\t\t\n<style>\n#text-56467253 {\n  text-align: left;\n}\n<\/style>\n\t<\/div>\n\t\n\n\t\t<\/div>\n\t\t\t\t\t<\/div>\n\n\t\n\n<\/div>\n\n\t\t<\/div>\n\n\t\t\n<style>\n#section_288667119 {\n  padding-top: 51px;\n  padding-bottom: 51px;\n  background-color: rgb(255,255,255);\n}\n#section_288667119 .section-bg-overlay {\n  background-color: rgba(255, 255, 255, 0.512);\n}\n#section_288667119 .section-bg img {\n  object-position: 54% 35%;\n}\n@media (min-width:850px) {\n  #section_288667119 {\n    padding-top: 90px;\n    padding-bottom: 90px;\n  }\n}\n<\/style>\n\t<\/section>","protected":false},"excerpt":{"rendered":"","protected":false},"author":1,"featured_media":0,"parent":27,"menu_order":0,"comment_status":"closed","ping_status":"closed","template":"verdicts-template.php","meta":{"_acf_changed":false,"inline_featured_image":false,"footnotes":""},"class_list":["post-12145","page","type-page","status-publish","hentry"],"acf":[],"page_builder_type":"gutenberg","gutenberg_data":[],"_links":{"self":[{"href":"https:\/\/napolilaw.lemonadestand.org\/tr\/wp-json\/wp\/v2\/pages\/12145","targetHints":{"allow":["GET"]}}],"collection":[{"href":"https:\/\/napolilaw.lemonadestand.org\/tr\/wp-json\/wp\/v2\/pages"}],"about":[{"href":"https:\/\/napolilaw.lemonadestand.org\/tr\/wp-json\/wp\/v2\/types\/page"}],"author":[{"embeddable":true,"href":"https:\/\/napolilaw.lemonadestand.org\/tr\/wp-json\/wp\/v2\/users\/1"}],"replies":[{"embeddable":true,"href":"https:\/\/napolilaw.lemonadestand.org\/tr\/wp-json\/wp\/v2\/comments?post=12145"}],"version-history":[{"count":4,"href":"https:\/\/napolilaw.lemonadestand.org\/tr\/wp-json\/wp\/v2\/pages\/12145\/revisions"}],"predecessor-version":[{"id":19505,"href":"https:\/\/napolilaw.lemonadestand.org\/tr\/wp-json\/wp\/v2\/pages\/12145\/revisions\/19505"}],"up":[{"embeddable":true,"href":"https:\/\/napolilaw.lemonadestand.org\/tr\/wp-json\/wp\/v2\/pages\/27"}],"wp:attachment":[{"href":"https:\/\/napolilaw.lemonadestand.org\/tr\/wp-json\/wp\/v2\/media?parent=12145"}],"curies":[{"name":"wp","href":"https:\/\/api.w.org\/{rel}","templated":true}]}}