{"id":12138,"date":"2022-08-05T20:33:09","date_gmt":"2022-08-06T00:33:09","guid":{"rendered":"https:\/\/napoli-law.local\/?page_id=12138"},"modified":"2022-08-07T21:41:54","modified_gmt":"2022-08-08T01:41:54","slug":"videolar","status":"publish","type":"page","link":"https:\/\/napolilaw.lemonadestand.org\/tr\/medya-merkezi\/videolar\/","title":{"rendered":"videolar"},"content":{"rendered":"<section class=\"section dark\" id=\"section_633999657\">\n\t\t<div class=\"section-bg fill\" >\n\t\t\t<img loading=\"lazy\" decoding=\"async\" width=\"1600\" height=\"490\" src=\"https:\/\/napolilaw.lemonadestand.org\/wp-content\/uploads\/2022\/06\/NS-Media-Center-3.jpeg\" class=\"bg attachment-original size-original\" alt=\"\" \/>\t\t\t\t\t\t<div class=\"section-bg-overlay absolute fill\"><\/div>\n\t\t\t\n\n\t\t<\/div>\n\n\t\t\n\n\t\t<div class=\"section-content relative\">\n\t\t\t\n\n<div class=\"row align-center\"  id=\"row-1427051103\">\n\n\n\t<div id=\"col-1746748304\" class=\"col medium-10 small-12 large-7\"  >\n\t\t\t\t<div class=\"col-inner text-center\"  >\n\t\t\t\n\t\t\t\n\n\t<div id=\"text-1921581211\" class=\"text\">\n\t\t\n\n<h1 class=\"uppercase no-margin thin-font\"><em> V\u0130DEOLAR <\/em><\/h1>\n\t\t\n<style>\n#text-1921581211 {\n  font-size: 2.05rem;\n}\n<\/style>\n\t<\/div>\n\t\n<p class=\"lead\">Se\u00e7kin avukatlar\u0131m\u0131z, \u00e7ok \u00e7e\u015fitli yasal konularda g\u00f6r\u00fc\u015flerini ve uzmanl\u0131klar\u0131n\u0131 payla\u015fmak i\u00e7in s\u0131k s\u0131k b\u00fcy\u00fck medya kurulu\u015flar\u0131nda yer al\u0131r.<\/p>\n<a href=\"\/tr\/ucretsiz-vaka-degerlendirmesi\/\" class=\"button white\" style=\"border-radius:3px;\">\n\t\t<span>\u00dccretsiz Vaka De\u011ferlendirmesi<\/span>\n\t<\/a>\n\n\n<a href=\"\/tr\/avukat-yonlendirmeleri\/\" class=\"button white is-outline\" style=\"border-radius:3px;\">\n\t\t<span>Avukat Sevk<\/span>\n\t<\/a>\n\n\n\n\t\t<\/div>\n\t\t\t\t\t<\/div>\n\n\t\n\n<\/div>\n\n\t\t<\/div>\n\n\t\t\n<style>\n#section_633999657 {\n  padding-top: 90px;\n  padding-bottom: 90px;\n  background-color: rgb(0, 42, 92);\n}\n#section_633999657 .section-bg-overlay {\n  background-color: rgba(0, 42, 92, 0.68);\n}\n#section_633999657 .section-bg img {\n  object-position: 37% 52%;\n}\n<\/style>\n\t<\/section>","protected":false},"excerpt":{"rendered":"","protected":false},"author":1,"featured_media":0,"parent":25,"menu_order":0,"comment_status":"closed","ping_status":"closed","template":"videos-template.php","meta":{"_acf_changed":false,"inline_featured_image":false,"footnotes":""},"class_list":["post-12138","page","type-page","status-publish","hentry"],"acf":[],"page_builder_type":"gutenberg","gutenberg_data":[],"_links":{"self":[{"href":"https:\/\/napolilaw.lemonadestand.org\/tr\/wp-json\/wp\/v2\/pages\/12138","targetHints":{"allow":["GET"]}}],"collection":[{"href":"https:\/\/napolilaw.lemonadestand.org\/tr\/wp-json\/wp\/v2\/pages"}],"about":[{"href":"https:\/\/napolilaw.lemonadestand.org\/tr\/wp-json\/wp\/v2\/types\/page"}],"author":[{"embeddable":true,"href":"https:\/\/napolilaw.lemonadestand.org\/tr\/wp-json\/wp\/v2\/users\/1"}],"replies":[{"embeddable":true,"href":"https:\/\/napolilaw.lemonadestand.org\/tr\/wp-json\/wp\/v2\/comments?post=12138"}],"version-history":[{"count":0,"href":"https:\/\/napolilaw.lemonadestand.org\/tr\/wp-json\/wp\/v2\/pages\/12138\/revisions"}],"up":[{"embeddable":true,"href":"https:\/\/napolilaw.lemonadestand.org\/tr\/wp-json\/wp\/v2\/pages\/25"}],"wp:attachment":[{"href":"https:\/\/napolilaw.lemonadestand.org\/tr\/wp-json\/wp\/v2\/media?parent=12138"}],"curies":[{"name":"wp","href":"https:\/\/api.w.org\/{rel}","templated":true}]}}