{"id":12051,"date":"2022-06-28T14:32:21","date_gmt":"2022-06-28T18:32:21","guid":{"rendered":"https:\/\/napoli-law.local\/?page_id=12051"},"modified":"2025-02-07T12:30:02","modified_gmt":"2025-02-07T17:30:02","slug":"yayinlar","status":"publish","type":"page","link":"https:\/\/napolilaw.lemonadestand.org\/tr\/medya-merkezi\/yayinlar\/","title":{"rendered":"yay\u0131nlar"},"content":{"rendered":"<section class=\"section dark\" id=\"section_308000763\">\n\t\t<div class=\"section-bg fill\" >\n\t\t\t<img loading=\"lazy\" decoding=\"async\" width=\"1600\" height=\"490\" src=\"https:\/\/napolilaw.lemonadestand.org\/wp-content\/uploads\/2022\/06\/napoli-shkolbik-law-publications-h2.jpeg\" class=\"bg attachment-original size-original\" alt=\"\" \/>\t\t\t\t\t\t<div class=\"section-bg-overlay absolute fill\"><\/div>\n\t\t\t\n\n\t\t<\/div>\n\n\t\t\n\n\t\t<div class=\"section-content relative\">\n\t\t\t\n\n<div class=\"row align-center\"  id=\"row-543084534\">\n\n\n\t<div id=\"col-348921604\" class=\"col medium-7 small-12 large-7\"  >\n\t\t\t\t<div class=\"col-inner text-center\"  >\n\t\t\t\n\t\t\t\n\n\t<div id=\"text-2901997686\" class=\"text\">\n\t\t\n\n<h1 class=\"uppercase no-margin\"><em>yay\u0131nlar<\/em><\/h1>\n\t\t\n<style>\n#text-2901997686 {\n  font-size: 2.05rem;\n}\n<\/style>\n\t<\/div>\n\t\n<p>Napoli Shkolnik provides legal insight via newsletters, whitepapers and articles.<\/p>\n\n\t\t<\/div>\n\t\t\t\t\t<\/div>\n\n\t\n\n<\/div>\n\n\t\t<\/div>\n\n\t\t\n<style>\n#section_308000763 {\n  padding-top: 90px;\n  padding-bottom: 90px;\n  background-color: rgb(0, 42, 92);\n}\n#section_308000763 .section-bg-overlay {\n  background-color: rgba(0, 42, 92, 0.68);\n}\n<\/style>\n\t<\/section>\n\t\n\n\t<section class=\"section\" id=\"section_760931118\">\n\t\t<div class=\"section-bg fill\" >\n\t\t\t<img loading=\"lazy\" decoding=\"async\" width=\"1920\" height=\"1815\" src=\"https:\/\/napolilaw.lemonadestand.org\/wp-content\/uploads\/2022\/02\/rounded-columns-bg.jpg\" class=\"bg attachment- size-\" alt=\"\" \/>\t\t\t\t\t\t<div class=\"section-bg-overlay absolute fill\"><\/div>\n\t\t\t\n\n\t\t<\/div>\n\n\t\t\n\n\t\t<div class=\"section-content relative\">\n\t\t\t\n\n<div class=\"row align-center\"  id=\"row-675452235\">\n\n\n\t<div id=\"col-632067914\" class=\"col medium-10 small-12 large-6\"  >\n\t\t\t\t<div class=\"col-inner\"  >\n\t\t\t\n\t\t\t\n\n\t<div id=\"text-1992015568\" class=\"text\">\n\t\t\n\n<p>At Napoli Shkolnik , our nationally&nbsp;acclaimed attorneys are frequently featured in various industry publications and quoted across numerous newspapers, blogs, television networks, and other media outlets. These industry journals often seek out&nbsp;<a href=\"\/tr\/our-attorneys\/\">avukatlar\u0131m\u0131z<\/a>&nbsp;hem mahkeme salonu i\u00e7inde hem de d\u0131\u015f\u0131nda sahip olduklar\u0131 bilgi ve deneyimler ve bir dizi \u00f6nemli olaya dahil olmalar\u0131 nedeniyle&nbsp;<a href=\"\/tr\/farkimiz-2\/hukumler-uzlasmalar\/\">dava anla\u015fmalar\u0131 ve kararlar<\/a>.<\/p>\n\t\t\n<style>\n#text-1992015568 {\n  text-align: left;\n}\n@media (min-width:850px) {\n  #text-1992015568 {\n    text-align: right;\n  }\n}\n<\/style>\n\t<\/div>\n\t\n\n\t\t<\/div>\n\t\t\t\t\t<\/div>\n\n\t\n\n\t<div id=\"col-2033952080\" class=\"col medium-10 small-12 large-6\"  >\n\t\t\t\t<div class=\"col-inner\"  >\n\t\t\t\n\t\t\t\n\n<p>Ki\u015fisel Yaralanma Davalar\u0131, T\u0131bbi Hatal\u0131 Uygulama ve D\u00fcnya Ticaret Merkezi Davalar\u0131 gibi uygulama alanlar\u0131nda uzun y\u0131llara dayanan deneyime sahip avukatlar\u0131m\u0131z\u0131n sizin i\u00e7in nas\u0131l m\u00fccadele edebilece\u011fini \u00f6\u011frenmek i\u00e7in bug\u00fcn hukuk b\u00fcromuzla ileti\u015fime ge\u00e7in.<\/p>\n<div class=\"social-icons follow-icons\" ><a href=\"https:\/\/www.facebook.com\/NapoliShkolnik\/\" target=\"_blank\" data-label=\"Facebook\" class=\"icon primary button circle tooltip facebook\" title=\"Facebook&#039; ta takip et\" aria-label=\"Facebook&#039; ta takip et\" rel=\"noopener nofollow\"><i class=\"icon-facebook\" aria-hidden=\"true\"><\/i><\/a><a href=\"https:\/\/instagram.com\/napoli_shkolnik\/\" target=\"_blank\" data-label=\"Instagram\" class=\"icon primary button circle tooltip instagram\" title=\"Instagram&#039; da takip et\" aria-label=\"Instagram&#039; da takip et\" rel=\"noopener nofollow\"><i class=\"icon-instagram\" aria-hidden=\"true\"><\/i><\/a><a href=\"https:\/\/twitter.com\/NapoliShkolnik\/\" data-label=\"Twitter\" target=\"_blank\" class=\"icon primary button circle tooltip twitter\" title=\"Twitter&#039; da takip et\" aria-label=\"Twitter&#039; da takip et\" rel=\"noopener nofollow\"><i class=\"icon-twitter\" aria-hidden=\"true\"><\/i><\/a><a href=\"https:\/\/www.linkedin.com\/company\/napolishkolnik\" data-label=\"LinkedIn\" target=\"_blank\" class=\"icon primary button circle tooltip linkedin\" title=\"Linkedin&#039; de takip et\" aria-label=\"Linkedin&#039; de takip et\" rel=\"noopener nofollow\"><i class=\"icon-linkedin\" aria-hidden=\"true\"><\/i><\/a><a href=\"https:\/\/www.youtube.com\/c\/NapoliShkolnik\" data-label=\"YouTube\" target=\"_blank\" class=\"icon primary button circle tooltip youtube\" title=\"YouTube&#039; da takip et\" aria-label=\"YouTube&#039; da takip et\" rel=\"noopener nofollow\"><i class=\"icon-youtube\" aria-hidden=\"true\"><\/i><\/a><\/div>\n\n\n\t\t<\/div>\n\t\t\t\t\n<style>\n#col-2033952080 > .col-inner {\n  padding: 0px 0px 0px 0px;\n}\n<\/style>\n\t<\/div>\n\n\t\n\n<\/div>\n\n\t\t<\/div>\n\n\t\t\n<style>\n#section_760931118 {\n  padding-top: 51px;\n  padding-bottom: 51px;\n  background-color: rgb(255,255,255);\n}\n#section_760931118 .section-bg-overlay {\n  background-color: rgba(255, 255, 255, 0.512);\n}\n#section_760931118 .section-bg img {\n  object-position: 54% 35%;\n}\n@media (min-width:850px) {\n  #section_760931118 {\n    padding-top: 90px;\n    padding-bottom: 90px;\n  }\n}\n<\/style>\n\t<\/section>","protected":false},"excerpt":{"rendered":"","protected":false},"author":1,"featured_media":0,"parent":25,"menu_order":0,"comment_status":"closed","ping_status":"closed","template":"publications-template.php","meta":{"_acf_changed":false,"inline_featured_image":false,"footnotes":""},"class_list":["post-12051","page","type-page","status-publish","hentry"],"acf":[],"page_builder_type":"gutenberg","gutenberg_data":[],"_links":{"self":[{"href":"https:\/\/napolilaw.lemonadestand.org\/tr\/wp-json\/wp\/v2\/pages\/12051","targetHints":{"allow":["GET"]}}],"collection":[{"href":"https:\/\/napolilaw.lemonadestand.org\/tr\/wp-json\/wp\/v2\/pages"}],"about":[{"href":"https:\/\/napolilaw.lemonadestand.org\/tr\/wp-json\/wp\/v2\/types\/page"}],"author":[{"embeddable":true,"href":"https:\/\/napolilaw.lemonadestand.org\/tr\/wp-json\/wp\/v2\/users\/1"}],"replies":[{"embeddable":true,"href":"https:\/\/napolilaw.lemonadestand.org\/tr\/wp-json\/wp\/v2\/comments?post=12051"}],"version-history":[{"count":1,"href":"https:\/\/napolilaw.lemonadestand.org\/tr\/wp-json\/wp\/v2\/pages\/12051\/revisions"}],"predecessor-version":[{"id":19460,"href":"https:\/\/napolilaw.lemonadestand.org\/tr\/wp-json\/wp\/v2\/pages\/12051\/revisions\/19460"}],"up":[{"embeddable":true,"href":"https:\/\/napolilaw.lemonadestand.org\/tr\/wp-json\/wp\/v2\/pages\/25"}],"wp:attachment":[{"href":"https:\/\/napolilaw.lemonadestand.org\/tr\/wp-json\/wp\/v2\/media?parent=12051"}],"curies":[{"name":"wp","href":"https:\/\/api.w.org\/{rel}","templated":true}]}}