{"id":12004,"date":"2016-09-06T15:38:15","date_gmt":"2016-09-06T19:38:15","guid":{"rendered":"https:\/\/napoli-law.local\/practice-areas\/environmental-litigation\/new-hampshire-perfluorochemical-pfc-contamination-faqs\/"},"modified":"2022-08-22T10:29:15","modified_gmt":"2022-08-22T14:29:15","slug":"new-hampshire-perfluorochemical-pfc-kontaminasyon-sss","status":"publish","type":"page","link":"https:\/\/napolilaw.lemonadestand.org\/tr\/new-hampshire-perfluorochemical-pfc-kontaminasyon-sss\/","title":{"rendered":"New Hampshire Perfluorochemical (PFC) Contamination FAQs"},"content":{"rendered":"<h3><span style=\"color: #002b5c;\">Perflorokimyasallar nelerdir?<\/span><\/h3>\n<p>Perflorokimyasallar (PFC&#039;ler), imalatta yayg\u0131n olarak kullan\u0131lan ve NH topluluklar\u0131nda i\u00e7me suyu kontaminasyonunun bir nedeni olarak giderek daha fazla tan\u0131mlanan bir grup sentetik kimyasald\u0131r.<\/p>\n<h3><span style=\"color: #002b5c;\">New Hampshire&#039;daki mevcut etkilenen alanlar nerelerdir?<\/span><\/h3>\n<p>Evet, Merrimack ve Litchfield \u00e7evre ve i\u00e7me suyu kirlili\u011fi olan yerler olarak belirlendi.<\/p>\n<h3><span style=\"color: #002b5c;\">\u0130nsanlar PFC&#039;lere nas\u0131l maruz kal\u0131r?<\/span><\/h3>\n<p>\u00c7o\u011fu insan sindirim yoluyla PFC&#039;lere maruz kal\u0131r, \u00f6rnekler \u015funlar\u0131 i\u00e7erir:<\/p>\n<ul>\n<li>Kirlenmi\u015f su i\u00e7mek;<\/li>\n<li>Y\u00fcksek d\u00fczeyde PFC i\u00e7erebilen yiyecekler yemek;<\/li>\n<li>PFC i\u00e7eren ambalaj malzemeleriyle kontamine olmu\u015f g\u0131dalar\u0131 yemek; Ve<\/li>\n<li>Bebekleri ve yeni y\u00fcr\u00fcmeye ba\u015flayan \u00e7ocuklar\u0131 \u00f6nemli \u00f6l\u00e7\u00fcde etkileyebilen hal\u0131lar gibi PFC i\u00e7eren leke koruyucu ile i\u015flem g\u00f6rm\u00fc\u015f y\u00fczeylerden elden a\u011fza aktar\u0131m.<\/li>\n<\/ul>\n<h3><span style=\"color: #002b5c;\">\u0130\u00e7me suyunda PFC&#039;ler i\u00e7in herhangi bir standart var m\u0131?<\/span><\/h3>\n<p>ABD \u00c7evre Koruma Ajans\u0131 (EPA), k\u0131sa s\u00fcreli maruziyet i\u00e7in PFOS ve PFOA i\u00e7in ge\u00e7ici bir i\u00e7me suyu Sa\u011fl\u0131k Dan\u0131\u015fmanl\u0131\u011f\u0131 geli\u015ftirmi\u015ftir. Ge\u00e7ici Sa\u011fl\u0131k Dan\u0131\u015fmanl\u0131\u011f\u0131 (PHA), k\u0131sa vadede hem yeti\u015fkinler hem de \u00e7ocuklar i\u00e7in \u015fu anda g\u00fcvenli kabul edilen i\u00e7me suyu seviyelerini yans\u0131t\u0131r.<\/p>\n<p>Mevcut EPA k\u0131sa vadeli PHA seviyeleri, PFOA i\u00e7in trilyonda 400 par\u00e7a (veya milyarda 0,4 par\u00e7a) ve PFOS i\u00e7in trilyonda 200 par\u00e7ad\u0131r (veya milyarda 0,2 par\u00e7a).<\/p>\n<h3><span style=\"color: #002b5c;\">PFC&#039;lerle ili\u015fkili sa\u011fl\u0131k maruziyeti riskleri nelerdir?<\/span><\/h3>\n<ul>\n<li>Prostat, b\u00f6brek ve testis dahil olmak \u00fczere baz\u0131 kanser t\u00fcrlerinin ortaya \u00e7\u0131kmas\u0131<\/li>\n<li>Karaci\u011fer ve b\u00f6brek hastal\u0131\u011f\u0131<\/li>\n<li>D\u00fc\u015f\u00fck ba\u011f\u0131\u015f\u0131kl\u0131k fonksiyonu<\/li>\n<li>Bebeklerde d\u00fc\u015f\u00fck do\u011fum a\u011f\u0131rl\u0131\u011f\u0131 dahil olmak \u00fczere b\u00fcy\u00fcme ve geli\u015fme \u00fczerindeki etkiler<\/li>\n<li>Azalm\u0131\u015f b\u00f6brek fonksiyonu<\/li>\n<\/ul>\n<h3><span style=\"color: #002b5c;\">PFC maruziyetini nas\u0131l test ederim?<\/span><\/h3>\n<p>PFK&#039;ler ve kan testi program\u0131 hakk\u0131nda sorular\u0131 olan sakinler, 603-271-9461 numaral\u0131 telefondan DHHS Kamu Soru\u015fturma Hatt\u0131n\u0131 arayabilir veya adresini ziyaret edebilir.\u00a0<a href=\"http:\/\/www.dhhs.nh.gov\/dphs\/pfcs\/blood-testing.htm\" target=\"_blank\" rel=\"noopener\">http:\/\/www.dhhs.nh.gov\/dphs\/pfcs\/blood-testing.htm<\/a><\/p>\n<p>Suyunuzu nas\u0131l test ettirece\u011finizle ilgili daha fazla bilgi i\u00e7in l\u00fctfen \u015fu adresi ziyaret edin:\u00a0<a href=\"http:\/\/des.nh.gov\/organization\/commissioner\/pfoa.htm\" target=\"_blank\" rel=\"noopener\">http:\/\/des.nh.gov\/organization\/commissioner\/pfoa.htm<\/a><\/p>\n<h3><span style=\"color: #002b5c;\">\u0130\u00e7me suyunda PFC&#039;ler i\u00e7in herhangi bir standart var m\u0131?<\/span><\/h3>\n<p>ABD \u00c7evre Koruma Ajans\u0131 (EPA), k\u0131sa s\u00fcreli maruziyet i\u00e7in PFOS ve PFOA i\u00e7in ge\u00e7ici bir i\u00e7me suyu Sa\u011fl\u0131k Dan\u0131\u015fmanl\u0131\u011f\u0131 geli\u015ftirmi\u015ftir. Ge\u00e7ici Sa\u011fl\u0131k Dan\u0131\u015fmanl\u0131\u011f\u0131 (PHA), k\u0131sa vadede hem yeti\u015fkinler hem de \u00e7ocuklar i\u00e7in \u015fu anda g\u00fcvenli kabul edilen i\u00e7me suyu seviyelerini yans\u0131t\u0131r.<\/p>\n<p>Mevcut EPA k\u0131sa vadeli PHA seviyeleri, PFOA i\u00e7in trilyonda 400 par\u00e7a (veya milyarda 0,4 par\u00e7a) ve PFOS i\u00e7in trilyonda 200 par\u00e7ad\u0131r (veya milyarda 0,2 par\u00e7a).<\/p>\n<p>&nbsp;<\/p>","protected":false},"excerpt":{"rendered":"<p>What are Perflurorochemicals? Perfluorochemcials (PFCs) are a group of synthetic chemicals that have been used widely in manufacturing and are being increasingly identified in NH communities as a cause of&#8230;<\/p>","protected":false},"author":11,"featured_media":6373,"parent":0,"menu_order":85,"comment_status":"closed","ping_status":"closed","template":"","meta":{"_acf_changed":false,"inline_featured_image":false,"footnotes":""},"class_list":["post-12004","page","type-page","status-publish","has-post-thumbnail","hentry"],"acf":[],"page_builder_type":"gutenberg","gutenberg_data":[],"_links":{"self":[{"href":"https:\/\/napolilaw.lemonadestand.org\/tr\/wp-json\/wp\/v2\/pages\/12004","targetHints":{"allow":["GET"]}}],"collection":[{"href":"https:\/\/napolilaw.lemonadestand.org\/tr\/wp-json\/wp\/v2\/pages"}],"about":[{"href":"https:\/\/napolilaw.lemonadestand.org\/tr\/wp-json\/wp\/v2\/types\/page"}],"author":[{"embeddable":true,"href":"https:\/\/napolilaw.lemonadestand.org\/tr\/wp-json\/wp\/v2\/users\/11"}],"replies":[{"embeddable":true,"href":"https:\/\/napolilaw.lemonadestand.org\/tr\/wp-json\/wp\/v2\/comments?post=12004"}],"version-history":[{"count":0,"href":"https:\/\/napolilaw.lemonadestand.org\/tr\/wp-json\/wp\/v2\/pages\/12004\/revisions"}],"wp:featuredmedia":[{"embeddable":true,"href":"https:\/\/napolilaw.lemonadestand.org\/tr\/wp-json\/wp\/v2\/media\/6373"}],"wp:attachment":[{"href":"https:\/\/napolilaw.lemonadestand.org\/tr\/wp-json\/wp\/v2\/media?parent=12004"}],"curies":[{"name":"wp","href":"https:\/\/api.w.org\/{rel}","templated":true}]}}