{"id":12145,"date":"2022-08-06T19:43:53","date_gmt":"2022-08-06T23:43:53","guid":{"rendered":"https:\/\/napoli-law.local\/?page_id=12145"},"modified":"2025-05-21T15:47:35","modified_gmt":"2025-05-21T19:47:35","slug":"wyroki-ugody","status":"publish","type":"page","link":"https:\/\/napolilaw.lemonadestand.org\/pl\/nasza-roznica\/wyroki-ugody\/","title":{"rendered":"Wyroki i ugody"},"content":{"rendered":"<section class=\"section dark\" id=\"section_896454964\">\n\t\t<div class=\"section-bg fill\" >\n\t\t\t<img loading=\"lazy\" decoding=\"async\" width=\"2560\" height=\"1440\" src=\"https:\/\/napolilaw.lemonadestand.org\/wp-content\/uploads\/2025\/02\/Verdicts-and-settlements-3-scaled.jpg\" class=\"bg attachment-original size-original\" alt=\"\" \/>\t\t\t\t\t\t<div class=\"section-bg-overlay absolute fill\"><\/div>\n\t\t\t\n\n\t\t<\/div>\n\n\t\t\n\n\t\t<div class=\"section-content relative\">\n\t\t\t\n\n<div class=\"row align-center\"  id=\"row-357926172\">\n\n\n\t<div id=\"col-152153947\" class=\"col medium-7 small-12 large-7\"  >\n\t\t\t\t<div class=\"col-inner text-center\"  >\n\t\t\t\n\t\t\t\n\n\t<div id=\"text-579480376\" class=\"text\">\n\t\t\n\n<h1 class=\"uppercase no-margin\"><em>Wyroki i ugody<\/em><\/h1>\n\t\t\n<style>\n#text-579480376 {\n  font-size: 2.05rem;\n}\n<\/style>\n\t<\/div>\n\t\n<p>Napoli Shkolnik the best compensation for all our clients, from individuals to a significant range of public &amp; private entities as well as governments.<\/p>\n\n\t\t<\/div>\n\t\t\t\t\t<\/div>\n\n\t\n\n<\/div>\n\n\t\t<\/div>\n\n\t\t\n<style>\n#section_896454964 {\n  padding-top: 90px;\n  padding-bottom: 90px;\n  background-color: rgb(0, 42, 92);\n}\n#section_896454964 .section-bg-overlay {\n  background-color: rgba(0, 42, 92, 0.68);\n}\n#section_896454964 .section-bg img {\n  object-position: 0% 56%;\n}\n<\/style>\n\t<\/section>\n\t\n\n\t<section class=\"section\" id=\"section_36736664\">\n\t\t<div class=\"section-bg fill\" >\n\t\t\t<img loading=\"lazy\" decoding=\"async\" width=\"1920\" height=\"1815\" src=\"https:\/\/napolilaw.lemonadestand.org\/wp-content\/uploads\/2022\/02\/rounded-columns-bg.jpg\" class=\"bg attachment- size-\" alt=\"\" \/>\t\t\t\t\t\t<div class=\"section-bg-overlay absolute fill\"><\/div>\n\t\t\t\n\n\t\t<\/div>\n\n\t\t\n\n\t\t<div class=\"section-content relative\">\n\t\t\t\n\n<div class=\"row align-center\"  id=\"row-591487247\">\n\n\n\t<div id=\"col-1807365801\" class=\"col small-12 large-12\"  >\n\t\t\t\t<div class=\"col-inner\"  >\n\t\t\t\n\t\t\t\n\n<h2 class=\"uppercase\" style=\"text-align: center;\"><strong>Ile warte s\u0105 moje obra\u017cenia?<\/strong><\/h2>\n<h6 style=\"text-align: center;\"><strong>Wyniki mog\u0105 si\u0119 r\u00f3\u017cni\u0107 w zale\u017cno\u015bci od konkretnych fakt\u00f3w i okoliczno\u015bci prawnych<\/strong><\/h6>\n\n\t\t<\/div>\n\t\t\t\t\t<\/div>\n\n\t\n\n\t<div id=\"col-358962730\" class=\"col medium-10 small-12 large-12\"  >\n\t\t\t\t<div class=\"col-inner\"  >\n\t\t\t\n\t\t\t\n\n\t<div id=\"text-3938891557\" class=\"text\">\n\t\t\n\n<p>Pytanie, kt\u00f3re zadaje wi\u0119kszo\u015b\u0107 naszych powa\u017cnie rannych klient\u00f3w, brzmi: \u201eIle dostan\u0119 za moje obra\u017cenia?\u201d Jest to oczywi\u015bcie uczciwe i wa\u017cne pytanie, ale poniewa\u017c nie ma dw\u00f3ch identycznych przypadk\u00f3w, nie jest to pytanie, kt\u00f3re nadaje si\u0119 do prostego wzoru matematycznego. Prawda jest taka, \u017ce na wynik sprawy wp\u0142ywa wiele czynnik\u00f3w i uwa\u017camy, \u017ce najlepiej jest by\u0107 szczerym wobec naszych klient\u00f3w w kwestii tych zmiennych.<\/p>\n\t\t\n<style>\n#text-3938891557 {\n  text-align: left;\n}\n<\/style>\n\t<\/div>\n\t\n\n\t\t<\/div>\n\t\t\t\t\t<\/div>\n\n\t\n\n<\/div>\n\n\t\t<\/div>\n\n\t\t\n<style>\n#section_36736664 {\n  padding-top: 51px;\n  padding-bottom: 51px;\n  background-color: rgb(255,255,255);\n}\n#section_36736664 .section-bg-overlay {\n  background-color: rgba(255, 255, 255, 0.512);\n}\n#section_36736664 .section-bg img {\n  object-position: 54% 35%;\n}\n@media (min-width:850px) {\n  #section_36736664 {\n    padding-top: 90px;\n    padding-bottom: 90px;\n  }\n}\n<\/style>\n\t<\/section>","protected":false},"excerpt":{"rendered":"","protected":false},"author":1,"featured_media":0,"parent":27,"menu_order":0,"comment_status":"closed","ping_status":"closed","template":"verdicts-template.php","meta":{"_acf_changed":false,"inline_featured_image":false,"footnotes":""},"class_list":["post-12145","page","type-page","status-publish","hentry"],"acf":[],"page_builder_type":"gutenberg","gutenberg_data":[],"_links":{"self":[{"href":"https:\/\/napolilaw.lemonadestand.org\/pl\/wp-json\/wp\/v2\/pages\/12145","targetHints":{"allow":["GET"]}}],"collection":[{"href":"https:\/\/napolilaw.lemonadestand.org\/pl\/wp-json\/wp\/v2\/pages"}],"about":[{"href":"https:\/\/napolilaw.lemonadestand.org\/pl\/wp-json\/wp\/v2\/types\/page"}],"author":[{"embeddable":true,"href":"https:\/\/napolilaw.lemonadestand.org\/pl\/wp-json\/wp\/v2\/users\/1"}],"replies":[{"embeddable":true,"href":"https:\/\/napolilaw.lemonadestand.org\/pl\/wp-json\/wp\/v2\/comments?post=12145"}],"version-history":[{"count":4,"href":"https:\/\/napolilaw.lemonadestand.org\/pl\/wp-json\/wp\/v2\/pages\/12145\/revisions"}],"predecessor-version":[{"id":19505,"href":"https:\/\/napolilaw.lemonadestand.org\/pl\/wp-json\/wp\/v2\/pages\/12145\/revisions\/19505"}],"up":[{"embeddable":true,"href":"https:\/\/napolilaw.lemonadestand.org\/pl\/wp-json\/wp\/v2\/pages\/27"}],"wp:attachment":[{"href":"https:\/\/napolilaw.lemonadestand.org\/pl\/wp-json\/wp\/v2\/media?parent=12145"}],"curies":[{"name":"wp","href":"https:\/\/api.w.org\/{rel}","templated":true}]}}