{"id":12004,"date":"2016-09-06T15:38:15","date_gmt":"2016-09-06T19:38:15","guid":{"rendered":"https:\/\/napoli-law.local\/practice-areas\/environmental-litigation\/new-hampshire-perfluorochemical-pfc-contamination-faqs\/"},"modified":"2022-08-22T10:29:15","modified_gmt":"2022-08-22T14:29:15","slug":"new-hampshire-perfluorochemical-pfc-contamination-faqs","status":"publish","type":"page","link":"https:\/\/napolilaw.lemonadestand.org\/pl\/new-hampshire-perfluorochemical-pfc-contamination-faqs\/","title":{"rendered":"New Hampshire Perfluorochemical (PFC) Contamination FAQs"},"content":{"rendered":"<h3><span style=\"color: #002b5c;\">Co to s\u0105 perfluorochemikalia?<\/span><\/h3>\n<p>Perfluorochemikalia (PFC) to grupa syntetycznych chemikali\u00f3w, kt\u00f3re by\u0142y szeroko stosowane w produkcji i s\u0105 coraz cz\u0119\u015bciej identyfikowane w spo\u0142eczno\u015bciach NH jako przyczyna zanieczyszczenia wody pitnej.<\/p>\n<h3><span style=\"color: #002b5c;\">Gdzie znajduj\u0105 si\u0119 aktualnie dotkni\u0119te obszary w New Hampshire?<\/span><\/h3>\n<p>Tak, Merrimack i Litchfield zosta\u0142y zidentyfikowane jako miejsca ska\u017cenia \u015brodowiska i wody pitnej.<\/p>\n<h3><span style=\"color: #002b5c;\">W jaki spos\u00f3b ludzie s\u0105 nara\u017ceni na PFC?<\/span><\/h3>\n<p>Wi\u0119kszo\u015b\u0107 ludzi jest nara\u017cona na PFC poprzez spo\u017cycie, przyk\u0142ady obejmuj\u0105:<\/p>\n<ul>\n<li>Picie zanieczyszczonej wody;<\/li>\n<li>Spo\u017cywanie \u017cywno\u015bci, kt\u00f3ra mo\u017ce zawiera\u0107 wysoki poziom PFC;<\/li>\n<li>Spo\u017cywanie \u017cywno\u015bci zanieczyszczonej materia\u0142ami opakowaniowymi zawieraj\u0105cymi PFC; I<\/li>\n<li>Przenoszenie z r\u0105k do ust z powierzchni potraktowanych \u015brodkiem chroni\u0105cym przed plamami zawieraj\u0105cym PFC, takich jak dywany, kt\u00f3re mog\u0105 mie\u0107 znacz\u0105cy wp\u0142yw na niemowl\u0119ta i ma\u0142e dzieci.<\/li>\n<\/ul>\n<h3><span style=\"color: #002b5c;\">Czy istniej\u0105 normy dotycz\u0105ce PFC w wodzie pitnej?<\/span><\/h3>\n<p>Ameryka\u0144ska Agencja Ochrony \u015arodowiska (EPA) opracowa\u0142a tymczasowe zalecenia zdrowotne dotycz\u0105ce wody pitnej dla PFOS i PFOA w przypadku kr\u00f3tkotrwa\u0142ego nara\u017cenia. Tymczasowe zalecenia zdrowotne (PHA) odzwierciedlaj\u0105 poziomy wody pitnej, kt\u00f3re s\u0105 obecnie uwa\u017cane za bezpieczne zar\u00f3wno dla doros\u0142ych, jak i dzieci w kr\u00f3tkim okresie.<\/p>\n<p>Obecne kr\u00f3tkoterminowe poziomy PHA EPA wynosz\u0105 400 cz\u0119\u015bci na bilion (lub 0,4 cz\u0119\u015bci na miliard) dla PFOA i 200 cz\u0119\u015bci na bilion (lub 0,2 cz\u0119\u015bci na miliard) dla PFOS.<\/p>\n<h3><span style=\"color: #002b5c;\">Jakie s\u0105 zagro\u017cenia dla zdrowia zwi\u0105zane z PFC?<\/span><\/h3>\n<ul>\n<li>Wyst\u0119powanie niekt\u00f3rych rodzaj\u00f3w raka, w tym raka prostaty, nerek i j\u0105der<\/li>\n<li>Choroby w\u0105troby i nerek<\/li>\n<li>Ni\u017csza funkcja odporno\u015bciowa<\/li>\n<li>Wp\u0142yw na wzrost i rozw\u00f3j, w tym ni\u017csz\u0105 mas\u0119 urodzeniow\u0105 niemowl\u0105t<\/li>\n<li>Zmniejszona czynno\u015b\u0107 nerek<\/li>\n<\/ul>\n<h3><span style=\"color: #002b5c;\">Jak testowa\u0107 ekspozycj\u0119 na PFC?<\/span><\/h3>\n<p>Mieszka\u0144cy, kt\u00f3rzy maj\u0105 pytania dotycz\u0105ce PFC i programu bada\u0144 krwi, mog\u0105 zadzwoni\u0107 na publiczn\u0105 infolini\u0119 DHHS pod numer 603-271-9461 lub odwiedzi\u0107\u00a0<a href=\"http:\/\/www.dhhs.nh.gov\/dphs\/pfcs\/blood-testing.htm\" target=\"_blank\" rel=\"noopener\">http:\/\/www.dhhs.nh.gov\/dphs\/pfcs\/blood-testing.htm<\/a><\/p>\n<p>Aby uzyska\u0107 wi\u0119cej informacji, jak przetestowa\u0107 wod\u0119, odwied\u017a stron\u0119\u00a0<a href=\"http:\/\/des.nh.gov\/organization\/commissioner\/pfoa.htm\" target=\"_blank\" rel=\"noopener\">http:\/\/des.nh.gov\/organization\/commissioner\/pfoa.htm<\/a><\/p>\n<h3><span style=\"color: #002b5c;\">Czy istniej\u0105 normy dotycz\u0105ce PFC w wodzie pitnej?<\/span><\/h3>\n<p>Ameryka\u0144ska Agencja Ochrony \u015arodowiska (EPA) opracowa\u0142a tymczasowe zalecenia zdrowotne dotycz\u0105ce wody pitnej dla PFOS i PFOA w przypadku kr\u00f3tkotrwa\u0142ego nara\u017cenia. Tymczasowe zalecenia zdrowotne (PHA) odzwierciedlaj\u0105 poziomy wody pitnej, kt\u00f3re s\u0105 obecnie uwa\u017cane za bezpieczne zar\u00f3wno dla doros\u0142ych, jak i dzieci w kr\u00f3tkim okresie.<\/p>\n<p>Obecne kr\u00f3tkoterminowe poziomy PHA EPA wynosz\u0105 400 cz\u0119\u015bci na bilion (lub 0,4 cz\u0119\u015bci na miliard) dla PFOA i 200 cz\u0119\u015bci na bilion (lub 0,2 cz\u0119\u015bci na miliard) dla PFOS.<\/p>\n<p>&nbsp;<\/p>","protected":false},"excerpt":{"rendered":"<p>What are Perflurorochemicals? Perfluorochemcials (PFCs) are a group of synthetic chemicals that have been used widely in manufacturing and are being increasingly identified in NH communities as a cause of&#8230;<\/p>","protected":false},"author":11,"featured_media":6373,"parent":0,"menu_order":85,"comment_status":"closed","ping_status":"closed","template":"","meta":{"_acf_changed":false,"inline_featured_image":false,"footnotes":""},"class_list":["post-12004","page","type-page","status-publish","has-post-thumbnail","hentry"],"acf":[],"page_builder_type":"gutenberg","gutenberg_data":[],"_links":{"self":[{"href":"https:\/\/napolilaw.lemonadestand.org\/pl\/wp-json\/wp\/v2\/pages\/12004","targetHints":{"allow":["GET"]}}],"collection":[{"href":"https:\/\/napolilaw.lemonadestand.org\/pl\/wp-json\/wp\/v2\/pages"}],"about":[{"href":"https:\/\/napolilaw.lemonadestand.org\/pl\/wp-json\/wp\/v2\/types\/page"}],"author":[{"embeddable":true,"href":"https:\/\/napolilaw.lemonadestand.org\/pl\/wp-json\/wp\/v2\/users\/11"}],"replies":[{"embeddable":true,"href":"https:\/\/napolilaw.lemonadestand.org\/pl\/wp-json\/wp\/v2\/comments?post=12004"}],"version-history":[{"count":0,"href":"https:\/\/napolilaw.lemonadestand.org\/pl\/wp-json\/wp\/v2\/pages\/12004\/revisions"}],"wp:featuredmedia":[{"embeddable":true,"href":"https:\/\/napolilaw.lemonadestand.org\/pl\/wp-json\/wp\/v2\/media\/6373"}],"wp:attachment":[{"href":"https:\/\/napolilaw.lemonadestand.org\/pl\/wp-json\/wp\/v2\/media?parent=12004"}],"curies":[{"name":"wp","href":"https:\/\/api.w.org\/{rel}","templated":true}]}}