{"id":12145,"date":"2022-08-06T19:43:53","date_gmt":"2022-08-06T23:43:53","guid":{"rendered":"https:\/\/napoli-law.local\/?page_id=12145"},"modified":"2025-05-21T15:47:35","modified_gmt":"2025-05-21T19:47:35","slug":"verdicts-reglements","status":"publish","type":"page","link":"https:\/\/napolilaw.lemonadestand.org\/fr\/notre-difference\/verdicts-reglements\/","title":{"rendered":"Verdicts &#038; Settlements"},"content":{"rendered":"<section class=\"section dark\" id=\"section_1085334155\">\n\t\t<div class=\"section-bg fill\" >\n\t\t\t<img loading=\"lazy\" decoding=\"async\" width=\"2560\" height=\"1440\" src=\"https:\/\/napolilaw.lemonadestand.org\/wp-content\/uploads\/2025\/02\/Verdicts-and-settlements-3-scaled.jpg\" class=\"bg attachment-original size-original\" alt=\"\" \/>\t\t\t\t\t\t<div class=\"section-bg-overlay absolute fill\"><\/div>\n\t\t\t\n\n\t\t<\/div>\n\n\t\t\n\n\t\t<div class=\"section-content relative\">\n\t\t\t\n\n<div class=\"row align-center\"  id=\"row-1734700995\">\n\n\n\t<div id=\"col-1336047257\" class=\"col medium-7 small-12 large-7\"  >\n\t\t\t\t<div class=\"col-inner text-center\"  >\n\t\t\t\n\t\t\t\n\n\t<div id=\"text-1361470593\" class=\"text\">\n\t\t\n\n<h1 class=\"uppercase no-margin\"><em>Verdicts et r\u00e8glements<\/em><\/h1>\n\t\t\n<style>\n#text-1361470593 {\n  font-size: 2.05rem;\n}\n<\/style>\n\t<\/div>\n\t\n<p>Napoli Shkolnik the best compensation for all our clients, from individuals to a significant range of public &amp; private entities as well as governments.<\/p>\n\n\t\t<\/div>\n\t\t\t\t\t<\/div>\n\n\t\n\n<\/div>\n\n\t\t<\/div>\n\n\t\t\n<style>\n#section_1085334155 {\n  padding-top: 90px;\n  padding-bottom: 90px;\n  background-color: rgb(0, 42, 92);\n}\n#section_1085334155 .section-bg-overlay {\n  background-color: rgba(0, 42, 92, 0.68);\n}\n#section_1085334155 .section-bg img {\n  object-position: 0% 56%;\n}\n<\/style>\n\t<\/section>\n\t\n\n\t<section class=\"section\" id=\"section_818806515\">\n\t\t<div class=\"section-bg fill\" >\n\t\t\t<img loading=\"lazy\" decoding=\"async\" width=\"1920\" height=\"1815\" src=\"https:\/\/napolilaw.lemonadestand.org\/wp-content\/uploads\/2022\/02\/rounded-columns-bg.jpg\" class=\"bg attachment- size-\" alt=\"\" \/>\t\t\t\t\t\t<div class=\"section-bg-overlay absolute fill\"><\/div>\n\t\t\t\n\n\t\t<\/div>\n\n\t\t\n\n\t\t<div class=\"section-content relative\">\n\t\t\t\n\n<div class=\"row align-center\"  id=\"row-1069840086\">\n\n\n\t<div id=\"col-1729605246\" class=\"col small-12 large-12\"  >\n\t\t\t\t<div class=\"col-inner\"  >\n\t\t\t\n\t\t\t\n\n<h2 class=\"uppercase\" style=\"text-align: center;\"><strong>Que valent mes blessures ?<\/strong><\/h2>\n<h6 style=\"text-align: center;\"><strong>Les r\u00e9sultats peuvent varier en fonction de vos faits particuliers et de votre situation juridique<\/strong><\/h6>\n\n\t\t<\/div>\n\t\t\t\t\t<\/div>\n\n\t\n\n\t<div id=\"col-2076340929\" class=\"col medium-10 small-12 large-12\"  >\n\t\t\t\t<div class=\"col-inner\"  >\n\t\t\t\n\t\t\t\n\n\t<div id=\"text-1491109508\" class=\"text\">\n\t\t\n\n<p>Une question que la plupart de nos clients gravement bless\u00e9s posent est \u00ab\u00a0Combien vais-je toucher pour mes blessures\u00a0?\u00a0\u00bb C&#039;est une question honn\u00eate et importante, bien s\u00fbr, mais comme il n&#039;y a pas deux cas identiques, ce n&#039;est pas une question qui se pr\u00eate \u00e0 une simple formule math\u00e9matique. La v\u00e9rit\u00e9 est que de nombreux facteurs affectent l&#039;issue d&#039;un cas, et nous pensons qu&#039;il est pr\u00e9f\u00e9rable d&#039;\u00eatre honn\u00eate avec nos clients au sujet de ces variables.<\/p>\n\t\t\n<style>\n#text-1491109508 {\n  text-align: left;\n}\n<\/style>\n\t<\/div>\n\t\n\n\t\t<\/div>\n\t\t\t\t\t<\/div>\n\n\t\n\n<\/div>\n\n\t\t<\/div>\n\n\t\t\n<style>\n#section_818806515 {\n  padding-top: 51px;\n  padding-bottom: 51px;\n  background-color: rgb(255,255,255);\n}\n#section_818806515 .section-bg-overlay {\n  background-color: rgba(255, 255, 255, 0.512);\n}\n#section_818806515 .section-bg img {\n  object-position: 54% 35%;\n}\n@media (min-width:850px) {\n  #section_818806515 {\n    padding-top: 90px;\n    padding-bottom: 90px;\n  }\n}\n<\/style>\n\t<\/section>","protected":false},"excerpt":{"rendered":"","protected":false},"author":1,"featured_media":0,"parent":27,"menu_order":0,"comment_status":"closed","ping_status":"closed","template":"verdicts-template.php","meta":{"_acf_changed":false,"inline_featured_image":false,"footnotes":""},"class_list":["post-12145","page","type-page","status-publish","hentry"],"acf":[],"page_builder_type":"gutenberg","gutenberg_data":[],"_links":{"self":[{"href":"https:\/\/napolilaw.lemonadestand.org\/fr\/wp-json\/wp\/v2\/pages\/12145","targetHints":{"allow":["GET"]}}],"collection":[{"href":"https:\/\/napolilaw.lemonadestand.org\/fr\/wp-json\/wp\/v2\/pages"}],"about":[{"href":"https:\/\/napolilaw.lemonadestand.org\/fr\/wp-json\/wp\/v2\/types\/page"}],"author":[{"embeddable":true,"href":"https:\/\/napolilaw.lemonadestand.org\/fr\/wp-json\/wp\/v2\/users\/1"}],"replies":[{"embeddable":true,"href":"https:\/\/napolilaw.lemonadestand.org\/fr\/wp-json\/wp\/v2\/comments?post=12145"}],"version-history":[{"count":4,"href":"https:\/\/napolilaw.lemonadestand.org\/fr\/wp-json\/wp\/v2\/pages\/12145\/revisions"}],"predecessor-version":[{"id":19505,"href":"https:\/\/napolilaw.lemonadestand.org\/fr\/wp-json\/wp\/v2\/pages\/12145\/revisions\/19505"}],"up":[{"embeddable":true,"href":"https:\/\/napolilaw.lemonadestand.org\/fr\/wp-json\/wp\/v2\/pages\/27"}],"wp:attachment":[{"href":"https:\/\/napolilaw.lemonadestand.org\/fr\/wp-json\/wp\/v2\/media?parent=12145"}],"curies":[{"name":"wp","href":"https:\/\/api.w.org\/{rel}","templated":true}]}}