{"id":12051,"date":"2022-06-28T14:32:21","date_gmt":"2022-06-28T18:32:21","guid":{"rendered":"https:\/\/napoli-law.local\/?page_id=12051"},"modified":"2025-02-07T12:30:02","modified_gmt":"2025-02-07T17:30:02","slug":"editions","status":"publish","type":"page","link":"https:\/\/napolilaw.lemonadestand.org\/fr\/centre-des-medias\/editions\/","title":{"rendered":"Ouvrages"},"content":{"rendered":"<section class=\"section dark\" id=\"section_789635107\">\n\t\t<div class=\"section-bg fill\" >\n\t\t\t<img loading=\"lazy\" decoding=\"async\" width=\"1600\" height=\"490\" src=\"https:\/\/napolilaw.lemonadestand.org\/wp-content\/uploads\/2022\/06\/napoli-shkolbik-law-publications-h2.jpeg\" class=\"bg attachment-original size-original\" alt=\"\" \/>\t\t\t\t\t\t<div class=\"section-bg-overlay absolute fill\"><\/div>\n\t\t\t\n\n\t\t<\/div>\n\n\t\t\n\n\t\t<div class=\"section-content relative\">\n\t\t\t\n\n<div class=\"row align-center\"  id=\"row-116817234\">\n\n\n\t<div id=\"col-935303460\" class=\"col medium-7 small-12 large-7\"  >\n\t\t\t\t<div class=\"col-inner text-center\"  >\n\t\t\t\n\t\t\t\n\n\t<div id=\"text-2312462635\" class=\"text\">\n\t\t\n\n<h1 class=\"uppercase no-margin\"><em>Ouvrages<\/em><\/h1>\n\t\t\n<style>\n#text-2312462635 {\n  font-size: 2.05rem;\n}\n<\/style>\n\t<\/div>\n\t\n<p>Napoli Shkolnik provides legal insight via newsletters, whitepapers and articles.<\/p>\n\n\t\t<\/div>\n\t\t\t\t\t<\/div>\n\n\t\n\n<\/div>\n\n\t\t<\/div>\n\n\t\t\n<style>\n#section_789635107 {\n  padding-top: 90px;\n  padding-bottom: 90px;\n  background-color: rgb(0, 42, 92);\n}\n#section_789635107 .section-bg-overlay {\n  background-color: rgba(0, 42, 92, 0.68);\n}\n<\/style>\n\t<\/section>\n\t\n\n\t<section class=\"section\" id=\"section_653456481\">\n\t\t<div class=\"section-bg fill\" >\n\t\t\t<img loading=\"lazy\" decoding=\"async\" width=\"1920\" height=\"1815\" src=\"https:\/\/napolilaw.lemonadestand.org\/wp-content\/uploads\/2022\/02\/rounded-columns-bg.jpg\" class=\"bg attachment- size-\" alt=\"\" \/>\t\t\t\t\t\t<div class=\"section-bg-overlay absolute fill\"><\/div>\n\t\t\t\n\n\t\t<\/div>\n\n\t\t\n\n\t\t<div class=\"section-content relative\">\n\t\t\t\n\n<div class=\"row align-center\"  id=\"row-486051392\">\n\n\n\t<div id=\"col-2014469081\" class=\"col medium-10 small-12 large-6\"  >\n\t\t\t\t<div class=\"col-inner\"  >\n\t\t\t\n\t\t\t\n\n\t<div id=\"text-3049844073\" class=\"text\">\n\t\t\n\n<p>At Napoli Shkolnik , our nationally&nbsp;acclaimed attorneys are frequently featured in various industry publications and quoted across numerous newspapers, blogs, television networks, and other media outlets. These industry journals often seek out&nbsp;<a href=\"\/fr\/our-attorneys\/\">nos avocats<\/a>&nbsp;en raison de leurs connaissances et de leur exp\u00e9rience tant \u00e0 l&#039;int\u00e9rieur qu&#039;\u00e0 l&#039;ext\u00e9rieur de la salle d&#039;audience, et de leur implication dans un certain nombre d&#039;\u00e9v\u00e9nements marquants&nbsp;<a href=\"\/fr\/notre-difference\/verdicts-reglements\/\">r\u00e8glement des affaires et verdicts<\/a>.<\/p>\n\t\t\n<style>\n#text-3049844073 {\n  text-align: left;\n}\n@media (min-width:850px) {\n  #text-3049844073 {\n    text-align: right;\n  }\n}\n<\/style>\n\t<\/div>\n\t\n\n\t\t<\/div>\n\t\t\t\t\t<\/div>\n\n\t\n\n\t<div id=\"col-1505273312\" class=\"col medium-10 small-12 large-6\"  >\n\t\t\t\t<div class=\"col-inner\"  >\n\t\t\t\n\t\t\t\n\n<p>Contactez notre cabinet d&#039;avocats d\u00e8s aujourd&#039;hui pour savoir comment nos avocats avec des ann\u00e9es d&#039;exp\u00e9rience dans des domaines de pratique tels que les litiges en mati\u00e8re de dommages corporels, les fautes professionnelles m\u00e9dicales et les litiges du World Trade Center, peuvent se battre pour vous.<\/p>\n<div class=\"social-icons follow-icons\" ><a href=\"https:\/\/www.facebook.com\/NapoliShkolnik\/\" target=\"_blank\" data-label=\"Facebook\" class=\"icon primary button circle tooltip facebook\" title=\"Nous suivre sur Facebook\" aria-label=\"Nous suivre sur Facebook\" rel=\"noopener nofollow\"><i class=\"icon-facebook\" aria-hidden=\"true\"><\/i><\/a><a href=\"https:\/\/instagram.com\/napoli_shkolnik\/\" target=\"_blank\" data-label=\"Instagram\" class=\"icon primary button circle tooltip instagram\" title=\"Nous suivre sur Instagram\" aria-label=\"Nous suivre sur Instagram\" rel=\"noopener nofollow\"><i class=\"icon-instagram\" aria-hidden=\"true\"><\/i><\/a><a href=\"https:\/\/twitter.com\/NapoliShkolnik\/\" data-label=\"Twitter\" target=\"_blank\" class=\"icon primary button circle tooltip twitter\" title=\"Nous suivre sur Twitter\" aria-label=\"Nous suivre sur Twitter\" rel=\"noopener nofollow\"><i class=\"icon-twitter\" aria-hidden=\"true\"><\/i><\/a><a href=\"https:\/\/www.linkedin.com\/company\/napolishkolnik\" data-label=\"LinkedIn\" target=\"_blank\" class=\"icon primary button circle tooltip linkedin\" title=\"Nous suivre sur LinkedIn\" aria-label=\"Nous suivre sur LinkedIn\" rel=\"noopener nofollow\"><i class=\"icon-linkedin\" aria-hidden=\"true\"><\/i><\/a><a href=\"https:\/\/www.youtube.com\/c\/NapoliShkolnik\" data-label=\"YouTube\" target=\"_blank\" class=\"icon primary button circle tooltip youtube\" title=\"Nous suivre sur Youtube\" aria-label=\"Nous suivre sur Youtube\" rel=\"noopener nofollow\"><i class=\"icon-youtube\" aria-hidden=\"true\"><\/i><\/a><\/div>\n\n\n\t\t<\/div>\n\t\t\t\t\n<style>\n#col-1505273312 > .col-inner {\n  padding: 0px 0px 0px 0px;\n}\n<\/style>\n\t<\/div>\n\n\t\n\n<\/div>\n\n\t\t<\/div>\n\n\t\t\n<style>\n#section_653456481 {\n  padding-top: 51px;\n  padding-bottom: 51px;\n  background-color: rgb(255,255,255);\n}\n#section_653456481 .section-bg-overlay {\n  background-color: rgba(255, 255, 255, 0.512);\n}\n#section_653456481 .section-bg img {\n  object-position: 54% 35%;\n}\n@media (min-width:850px) {\n  #section_653456481 {\n    padding-top: 90px;\n    padding-bottom: 90px;\n  }\n}\n<\/style>\n\t<\/section>","protected":false},"excerpt":{"rendered":"","protected":false},"author":1,"featured_media":0,"parent":25,"menu_order":0,"comment_status":"closed","ping_status":"closed","template":"publications-template.php","meta":{"_acf_changed":false,"inline_featured_image":false,"footnotes":""},"class_list":["post-12051","page","type-page","status-publish","hentry"],"acf":[],"page_builder_type":"gutenberg","gutenberg_data":[],"_links":{"self":[{"href":"https:\/\/napolilaw.lemonadestand.org\/fr\/wp-json\/wp\/v2\/pages\/12051","targetHints":{"allow":["GET"]}}],"collection":[{"href":"https:\/\/napolilaw.lemonadestand.org\/fr\/wp-json\/wp\/v2\/pages"}],"about":[{"href":"https:\/\/napolilaw.lemonadestand.org\/fr\/wp-json\/wp\/v2\/types\/page"}],"author":[{"embeddable":true,"href":"https:\/\/napolilaw.lemonadestand.org\/fr\/wp-json\/wp\/v2\/users\/1"}],"replies":[{"embeddable":true,"href":"https:\/\/napolilaw.lemonadestand.org\/fr\/wp-json\/wp\/v2\/comments?post=12051"}],"version-history":[{"count":1,"href":"https:\/\/napolilaw.lemonadestand.org\/fr\/wp-json\/wp\/v2\/pages\/12051\/revisions"}],"predecessor-version":[{"id":19460,"href":"https:\/\/napolilaw.lemonadestand.org\/fr\/wp-json\/wp\/v2\/pages\/12051\/revisions\/19460"}],"up":[{"embeddable":true,"href":"https:\/\/napolilaw.lemonadestand.org\/fr\/wp-json\/wp\/v2\/pages\/25"}],"wp:attachment":[{"href":"https:\/\/napolilaw.lemonadestand.org\/fr\/wp-json\/wp\/v2\/media?parent=12051"}],"curies":[{"name":"wp","href":"https:\/\/api.w.org\/{rel}","templated":true}]}}