{"id":12004,"date":"2016-09-06T15:38:15","date_gmt":"2016-09-06T19:38:15","guid":{"rendered":"https:\/\/napoli-law.local\/practice-areas\/environmental-litigation\/new-hampshire-perfluorochemical-pfc-contamination-faqs\/"},"modified":"2022-08-22T10:29:15","modified_gmt":"2022-08-22T14:29:15","slug":"new-hampshire-perfluorchemikalien-pfc-kontamination-faqs","status":"publish","type":"page","link":"https:\/\/napolilaw.lemonadestand.org\/de\/new-hampshire-perfluorchemikalien-pfc-kontamination-faqs\/","title":{"rendered":"New Hampshire Perfluorochemical (PFC) Contamination FAQs"},"content":{"rendered":"<h3><span style=\"color: #002b5c;\">Was sind Perfluorchemikalien?<\/span><\/h3>\n<p>Perfluorchemikalien (PFCs) sind eine Gruppe synthetischer Chemikalien, die in gro\u00dfem Umfang in der Herstellung verwendet werden und in NH-Gemeinschaften zunehmend als Ursache f\u00fcr die Trinkwasserverschmutzung identifiziert werden.<\/p>\n<h3><span style=\"color: #002b5c;\">Wo sind die derzeit betroffenen Gebiete in New Hampshire?<\/span><\/h3>\n<p>Ja, Merrimack und Litchfield wurden als Standorte mit Umwelt- und Trinkwasserverschmutzung identifiziert.<\/p>\n<h3><span style=\"color: #002b5c;\">Wie sind Menschen PFCs ausgesetzt?<\/span><\/h3>\n<p>Die meisten Menschen sind PFCs durch Einnahme ausgesetzt, Beispiele hierf\u00fcr sind:<\/p>\n<ul>\n<li>Kontaminiertes Wasser trinken;<\/li>\n<li>Essen von Lebensmitteln, die einen hohen Anteil an PFC enthalten k\u00f6nnen;<\/li>\n<li>Verzehr von Lebensmitteln, die durch PFC-haltige Verpackungsmaterialien kontaminiert sind; Und<\/li>\n<li>Hand-zu-Mund-\u00dcbertragung von Oberfl\u00e4chen, die mit PFC-haltigen Fleckenschutzmitteln behandelt wurden, wie z. B. Teppichen, was S\u00e4uglinge und Kleinkinder erheblich beeintr\u00e4chtigen k\u00f6nnte.<\/li>\n<\/ul>\n<h3><span style=\"color: #002b5c;\">Gibt es Standards f\u00fcr PFC im Trinkwasser?<\/span><\/h3>\n<p>Die US-Umweltschutzbeh\u00f6rde (EPA) hat einen vorl\u00e4ufigen Trinkwasser-Gesundheitsratgeber f\u00fcr PFOS und PFOA bei kurzfristiger Exposition entwickelt. Der Provisional Health Advisory (PHA) gibt Trinkwasserwerte wieder, die derzeit als kurzfristig sicher f\u00fcr Erwachsene und Kinder gelten.<\/p>\n<p>Die aktuellen EPA-Kurzzeit-PHA-Werte betragen 400 Teile pro Billion (oder 0,4 Teile pro Milliarde) f\u00fcr PFOA und 200 Teile pro Billion (oder 0,2 Teile pro Milliarde) f\u00fcr PFOS.<\/p>\n<h3><span style=\"color: #002b5c;\">Welche Gesundheitsrisiken sind mit PFCs verbunden?<\/span><\/h3>\n<ul>\n<li>Auftreten einiger Krebsarten, einschlie\u00dflich Prostata-, Nieren- und Hodenkrebs<\/li>\n<li>Leber- und Nierenerkrankungen<\/li>\n<li>Geringere Immunfunktion<\/li>\n<li>Auswirkungen auf Wachstum und Entwicklung, einschlie\u00dflich eines geringeren Geburtsgewichts bei S\u00e4uglingen<\/li>\n<li>Verminderte Nierenfunktion<\/li>\n<\/ul>\n<h3><span style=\"color: #002b5c;\">Wie teste ich auf PFC-Exposition?<\/span><\/h3>\n<p>Einwohner mit Fragen zu PFCs und dem Bluttestprogramm k\u00f6nnen die DHHS Public Inquiry Line unter 603-271-9461 anrufen oder besuchen\u00a0<a href=\"http:\/\/www.dhhs.nh.gov\/dphs\/pfcs\/blood-testing.htm\" target=\"_blank\" rel=\"noopener\">http:\/\/www.dhhs.nh.gov\/dphs\/pfcs\/blood-testing.htm<\/a><\/p>\n<p>Weitere Informationen, wie Sie Ihr Wasser testen lassen k\u00f6nnen, finden Sie unter\u00a0<a href=\"http:\/\/des.nh.gov\/organization\/commissioner\/pfoa.htm\" target=\"_blank\" rel=\"noopener\">http:\/\/des.nh.gov\/organization\/commissioner\/pfoa.htm<\/a><\/p>\n<h3><span style=\"color: #002b5c;\">Gibt es Standards f\u00fcr PFC im Trinkwasser?<\/span><\/h3>\n<p>Die US-Umweltschutzbeh\u00f6rde (EPA) hat einen vorl\u00e4ufigen Trinkwasser-Gesundheitsratgeber f\u00fcr PFOS und PFOA bei kurzfristiger Exposition entwickelt. Der Provisional Health Advisory (PHA) gibt Trinkwasserwerte wieder, die derzeit als kurzfristig sicher f\u00fcr Erwachsene und Kinder gelten.<\/p>\n<p>Die aktuellen EPA-Kurzzeit-PHA-Werte betragen 400 Teile pro Billion (oder 0,4 Teile pro Milliarde) f\u00fcr PFOA und 200 Teile pro Billion (oder 0,2 Teile pro Milliarde) f\u00fcr PFOS.<\/p>\n<p>&nbsp;<\/p>","protected":false},"excerpt":{"rendered":"<p>What are Perflurorochemicals? Perfluorochemcials (PFCs) are a group of synthetic chemicals that have been used widely in manufacturing and are being increasingly identified in NH communities as a cause of&#8230;<\/p>","protected":false},"author":11,"featured_media":6373,"parent":0,"menu_order":85,"comment_status":"closed","ping_status":"closed","template":"","meta":{"_acf_changed":false,"inline_featured_image":false,"footnotes":""},"class_list":["post-12004","page","type-page","status-publish","has-post-thumbnail","hentry"],"acf":[],"page_builder_type":"gutenberg","gutenberg_data":[],"_links":{"self":[{"href":"https:\/\/napolilaw.lemonadestand.org\/de\/wp-json\/wp\/v2\/pages\/12004","targetHints":{"allow":["GET"]}}],"collection":[{"href":"https:\/\/napolilaw.lemonadestand.org\/de\/wp-json\/wp\/v2\/pages"}],"about":[{"href":"https:\/\/napolilaw.lemonadestand.org\/de\/wp-json\/wp\/v2\/types\/page"}],"author":[{"embeddable":true,"href":"https:\/\/napolilaw.lemonadestand.org\/de\/wp-json\/wp\/v2\/users\/11"}],"replies":[{"embeddable":true,"href":"https:\/\/napolilaw.lemonadestand.org\/de\/wp-json\/wp\/v2\/comments?post=12004"}],"version-history":[{"count":0,"href":"https:\/\/napolilaw.lemonadestand.org\/de\/wp-json\/wp\/v2\/pages\/12004\/revisions"}],"wp:featuredmedia":[{"embeddable":true,"href":"https:\/\/napolilaw.lemonadestand.org\/de\/wp-json\/wp\/v2\/media\/6373"}],"wp:attachment":[{"href":"https:\/\/napolilaw.lemonadestand.org\/de\/wp-json\/wp\/v2\/media?parent=12004"}],"curies":[{"name":"wp","href":"https:\/\/api.w.org\/{rel}","templated":true}]}}